{"id":125,"date":"2024-08-08T23:27:45","date_gmt":"2024-08-08T23:27:45","guid":{"rendered":"https:\/\/polanco420.com\/?page_id=125"},"modified":"2024-08-08T23:27:45","modified_gmt":"2024-08-08T23:27:45","slug":"metatags4","status":"publish","type":"page","link":"https:\/\/polanco420.com\/?page_id=125","title":{"rendered":"metatags4"},"content":{"rendered":"<div class=\"flex-1 overflow-hidden\">\n<div class=\"h-full\">\n<div class=\"react-scroll-to-bottom--css-iqegw-79elbk h-full\">\n<div class=\"react-scroll-to-bottom--css-iqegw-1n7m0yu\">\n<div class=\"flex flex-col text-sm md:pb-9\">\n<div class=\"w-full text-token-text-primary\" dir=\"auto\" data-testid=\"conversation-turn-31\" data-scroll-anchor=\"true\">\n<div class=\"text-base py-[18px] px-3 md:px-4 m-auto md:px-5 lg:px-1 xl:px-5\">\n<div class=\"mx-auto flex flex-1 gap-4 text-base md:gap-5 lg:gap-6 md:max-w-3xl\">\n<div class=\"group\/conversation-turn relative flex w-full min-w-0 flex-col agent-turn\">\n<div class=\"flex-col gap-1 md:gap-3\">\n<div class=\"flex max-w-full flex-col flex-grow\">\n<div class=\"min-h-[20px] text-message flex w-full flex-col items-end gap-2 whitespace-pre-wrap break-words [.text-message+&amp;]:mt-5 overflow-x-auto\" dir=\"auto\" data-message-author-role=\"assistant\" data-message-id=\"1ec240ef-2f49-4e62-9d40-dfde904c803d\">\n<div class=\"flex w-full flex-col gap-1 empty:hidden first:pt-[3px]\">\n<div class=\"result-streaming markdown prose w-full break-words dark:prose-invert light\">\n<div class=\"dark bg-gray-950 rounded-md border-[0.5px] border-token-border-medium\">\n<div class=\"overflow-y-auto p-4\" dir=\"ltr\"><code class=\"!whitespace-pre hljs language-css\">Ciudad de M\u00e9xico, CDMX, turismo en Ciudad de M\u00e9xico, restaurantes en Ciudad de M\u00e9xico, hoteles en Ciudad de M\u00e9xico, eventos en Ciudad de M\u00e9xico, atracciones en Ciudad de M\u00e9xico, vida nocturna Ciudad de M\u00e9xico, actividades en Ciudad de M\u00e9xico, cultura en Ciudad de M\u00e9xico, arte en Ciudad de M\u00e9xico, shopping en Ciudad de M\u00e9xico, boutiques en Ciudad de M\u00e9xico, cafeter\u00edas en Ciudad de M\u00e9xico, gastronom\u00ed<span class=\"hljs-selector-tag\">a<\/span> en Ciudad de M\u00e9xico, bares en Ciudad de M\u00e9xico, museos en Ciudad de M\u00e9xico, centros comerciales en Ciudad de M\u00e9xico, servicios en Ciudad de M\u00e9xico, negocios en Ciudad de M\u00e9xico, empresas en Ciudad de M\u00e9xico, oficinas en Ciudad de M\u00e9xico, actividades recreativas Ciudad de M\u00e9xico, parques en Ciudad de M\u00e9xico, spas en Ciudad de M\u00e9xico, belleza en Ciudad de M\u00e9xico, centros de salud Ciudad de M\u00e9xico, gimnasios Ciudad de M\u00e9xico, yoga en Ciudad de M\u00e9xico, bienestar en Ciudad de M\u00e9xico, zonas verdes Ciudad de M\u00e9xico, comida gourmet Ciudad de M\u00e9xico, comida r\u00e1pida Ciudad de M\u00e9xico, comida mexicana Ciudad de M\u00e9xico, comida internacional Ciudad de M\u00e9xico, cocina fusi\u00f3n Ciudad de M\u00e9xico, cenas rom\u00e1nticas Ciudad de M\u00e9xico, brunch en Ciudad de M\u00e9xico, ofertas en Ciudad de M\u00e9xico, promociones en Ciudad de M\u00e9xico, mercado en Ciudad de M\u00e9xico, eventos sociales Ciudad de M\u00e9xico, conciertos en Ciudad de M\u00e9xico, festivales en Ciudad de M\u00e9xico, exposiciones en Ciudad de M\u00e9xico, ferias en Ciudad de M\u00e9xico, shows en Ciudad de M\u00e9xico, eventos deportivos Ciudad de M\u00e9xico, vida diaria Ciudad de M\u00e9xico, vecindario Ciudad de M\u00e9xico, historia de Ciudad de M\u00e9xico, cultura local Ciudad de M\u00e9xico, arte local Ciudad de M\u00e9xico, eventos culturales Ciudad de M\u00e9xico, vida en Ciudad de M\u00e9xico, estilo de vida Ciudad de M\u00e9xico, atracciones tur\u00edsticas Ciudad de M\u00e9xico, actividades para familias Ciudad de M\u00e9xico, turismo en la ciudad de M\u00e9xico, actividades familiares en Ciudad de M\u00e9xico, restaurantes familiares Ciudad de M\u00e9xico, caf\u00e9s familiares Ciudad de M\u00e9xico, spas familiares Ciudad de M\u00e9xico, hoteles familiares Ciudad de M\u00e9xico, eventos para ni\u00f1os Ciudad de M\u00e9xico, servicios para turistas Ciudad de M\u00e9xico, recomendaciones en Ciudad de M\u00e9xico, lugares para visitar en Ciudad de M\u00e9xico, cosas que hacer en Ciudad de M\u00e9xico, actividades en la ciudad de M\u00e9xico, gastronom\u00ed<span class=\"hljs-selector-tag\">a<\/span> en la ciudad de M\u00e9xico, restaurantes en la ciudad de M\u00e9xico, hoteles en la ciudad de M\u00e9xico, turismo en la ciudad de M\u00e9xico, vida nocturna en la ciudad de M\u00e9xico, eventos en la ciudad de M\u00e9xico, arte en la ciudad de M\u00e9xico, cultura en la ciudad de M\u00e9xico, centros comerciales en la ciudad de M\u00e9xico, shopping en la ciudad de M\u00e9xico, atracciones en la ciudad de M\u00e9xico, museos en la ciudad de M\u00e9xico, bares en la ciudad de M\u00e9xico, caf\u00e9s en la ciudad de M\u00e9xico, gastronom\u00ed<span class=\"hljs-selector-tag\">a<\/span> internacional en la ciudad de M\u00e9xico, comida mexicana en la ciudad de M\u00e9xico, comida gourmet en la ciudad de M\u00e9xico, cocina fusi\u00f3n en la ciudad de M\u00e9xico, restaurantes de lujo en la ciudad de M\u00e9xico, spas en la ciudad de M\u00e9xico, belleza en la ciudad de M\u00e9xico, centros de salud en la ciudad de M\u00e9xico, gimnasios en la ciudad de M\u00e9xico, yoga en la ciudad de M\u00e9xico, bienestar en la ciudad de M\u00e9xico, zonas verdes en la ciudad de M\u00e9xico, parques en la ciudad de M\u00e9xico, eventos sociales en la ciudad de M\u00e9xico, conciertos en la ciudad de M\u00e9xico, festivales en la ciudad de M\u00e9xico, exposiciones en la ciudad de M\u00e9xico, ferias en la ciudad de M\u00e9xico, shows en la ciudad de M\u00e9xico, eventos deportivos en la ciudad de M\u00e9xico, vida diaria en la ciudad de M\u00e9xico, vecindario en la ciudad de M\u00e9xico, historia de la ciudad de M\u00e9xico, arte local en la ciudad de M\u00e9xico, eventos culturales en la ciudad de M\u00e9xico, vida en la ciudad de M\u00e9xico, estilo de vida en la ciudad de M\u00e9xico, actividades para familias en la ciudad de M\u00e9xico, lugares para visitar en la ciudad de M\u00e9xico, recomendaciones en la ciudad de M\u00e9xico, actividades para turistas en la ciudad de M\u00e9xico, turismo de lujo en la ciudad de M\u00e9xico, actividades recreativas en la ciudad de M\u00e9xico, zonas tur\u00edsticas en la ciudad de M\u00e9xico, servicios tur\u00edsticos en la ciudad de M\u00e9xico, promociones en la ciudad de M\u00e9xico, ofertas en la ciudad de M\u00e9xico, comida r\u00e1pida en la ciudad de M\u00e9xico, comida gourmet en la ciudad de M\u00e9xico, restaurantes de sushi en la ciudad de M\u00e9xico, restaurantes italianos en la ciudad de M\u00e9xico, cafeter\u00edas gourmet en la ciudad de M\u00e9xico, bares de vinos en la ciudad de M\u00e9xico, pubs en la ciudad de M\u00e9xico, actividades en familia en la ciudad de M\u00e9xico, centros de entretenimiento en la ciudad de M\u00e9xico, gastronom\u00ed<span class=\"hljs-selector-tag\">a<\/span> de autor en la ciudad de M\u00e9xico, actividades culturales en la ciudad de M\u00e9xico, lugares para hacer shopping en la ciudad de M\u00e9xico, mercados de artesan\u00edas en la ciudad de M\u00e9xico, eventos<br \/>\n<\/code><\/div>\n<\/div>\n<\/div>\n<\/div>\n<\/div>\n<\/div>\n<\/div>\n<div class=\"absolute\">\n<div class=\"flex items-center justify-center\"><\/div>\n<\/div>\n<\/div>\n<\/div>\n<\/div>\n<\/div>\n<p><button class=\"cursor-pointer absolute z-10 rounded-full bg-clip-padding border text-token-text-secondary border-token-border-light right-1\/2 translate-x-1\/2 bg-token-main-surface-primary w-8 h-8 flex items-center justify-center bottom-5\"><\/button><\/div>\n<\/div>\n<p><button class=\"react-scroll-to-bottom--css-iqegw-1tj0vk3 hidden\" type=\"button\"><\/button><\/div>\n<\/div>\n<\/div>\n<div class=\"md:pt-0 dark:border-white\/20 md:border-transparent md:dark:border-transparent w-full\">\n<div class=\"text-base px-3 md:px-4 m-auto md:px-5 lg:px-1 xl:px-5\">\n<div class=\"mx-auto flex flex-1 gap-4 text-base md:gap-5 lg:gap-6 md:max-w-3xl\">\n<form class=\"w-full\" aria-haspopup=\"dialog\" aria-expanded=\"false\" aria-controls=\"radix-:r4:\" data-state=\"closed\">\n<div class=\"relative flex h-full max-w-full flex-1 flex-col\">\n<div class=\"absolute bottom-full left-0 right-0 z-20\"><\/div>\n<div class=\"flex w-full items-center\">\n<div class=\"flex w-full flex-col gap-1.5 rounded-[26px] p-1.5 transition-colors bg-[#f4f4f4] dark:bg-token-main-surface-secondary\">\n<div class=\"flex items-end gap-1.5 md:gap-2\">\n<div class=\"flex min-w-0 flex-1 flex-col pl-4\"><\/div>\n<\/div>\n<\/div>\n<\/div>\n<\/div>\n<\/form>\n<\/div>\n<\/div>\n<\/div>\n","protected":false},"excerpt":{"rendered":"<p>Ciudad de M\u00e9xico, CDMX, turismo en Ciudad de M\u00e9xico, restaurantes en Ciudad de M\u00e9xico, hoteles en Ciudad de M\u00e9xico, eventos en Ciudad de M\u00e9xico, atracciones en Ciudad de M\u00e9xico, vida nocturna Ciudad de M\u00e9xico, actividades en Ciudad de M\u00e9xico, cultura en Ciudad de M\u00e9xico, arte en Ciudad de M\u00e9xico, shopping en Ciudad de M\u00e9xico, boutiques [&hellip;]<\/p>\n","protected":false},"author":1,"featured_media":0,"parent":0,"menu_order":0,"comment_status":"closed","ping_status":"closed","template":"","meta":{"footnotes":""},"class_list":["post-125","page","type-page","status-publish","hentry"],"yoast_head":"<!-- This site is optimized with the Yoast SEO plugin v25.2 - https:\/\/yoast.com\/wordpress\/plugins\/seo\/ -->\n<title>metatags4 - Polanco420.com - Comprar Marihuana 420 Polanco CDMX - Envios a todo Mexico - Whatsapp: 00528135669557 \u2013 Eva Whatsapp Secundario : 00528132769756 Mike -<\/title>\n<meta name=\"robots\" content=\"index, follow, max-snippet:-1, max-image-preview:large, max-video-preview:-1\" \/>\n<link rel=\"canonical\" href=\"https:\/\/polanco420.com\/?page_id=125\" \/>\n<meta property=\"og:locale\" content=\"es_ES\" \/>\n<meta property=\"og:type\" content=\"article\" \/>\n<meta property=\"og:title\" content=\"metatags4 - Polanco420.com - Comprar Marihuana 420 Polanco CDMX - Envios a todo Mexico - Whatsapp: 00528135669557 \u2013 Eva Whatsapp Secundario : 00528132769756 Mike -\" \/>\n<meta property=\"og:description\" content=\"Ciudad de M\u00e9xico, CDMX, turismo en Ciudad de M\u00e9xico, restaurantes en Ciudad de M\u00e9xico, hoteles en Ciudad de M\u00e9xico, eventos en Ciudad de M\u00e9xico, atracciones en Ciudad de M\u00e9xico, vida nocturna Ciudad de M\u00e9xico, actividades en Ciudad de M\u00e9xico, cultura en Ciudad de M\u00e9xico, arte en Ciudad de M\u00e9xico, shopping en Ciudad de M\u00e9xico, boutiques [&hellip;]\" \/>\n<meta property=\"og:url\" content=\"https:\/\/polanco420.com\/?page_id=125\" \/>\n<meta property=\"og:site_name\" content=\"Polanco420.com - Comprar Marihuana 420 Polanco CDMX - Envios a todo Mexico - Whatsapp: 00528135669557 \u2013 Eva Whatsapp Secundario : 00528132769756 Mike -\" \/>\n<meta name=\"twitter:card\" content=\"summary_large_image\" \/>\n<script type=\"application\/ld+json\" class=\"yoast-schema-graph\">{\"@context\":\"https:\/\/schema.org\",\"@graph\":[{\"@type\":\"WebPage\",\"@id\":\"https:\/\/polanco420.com\/?page_id=125\",\"url\":\"https:\/\/polanco420.com\/?page_id=125\",\"name\":\"metatags4 - Polanco420.com - Comprar Marihuana 420 Polanco CDMX - Envios a todo Mexico - Whatsapp: 00528135669557 \u2013 Eva Whatsapp Secundario : 00528132769756 Mike -\",\"isPartOf\":{\"@id\":\"https:\/\/polanco420.com\/#website\"},\"datePublished\":\"2024-08-08T23:27:45+00:00\",\"breadcrumb\":{\"@id\":\"https:\/\/polanco420.com\/?page_id=125#breadcrumb\"},\"inLanguage\":\"es\",\"potentialAction\":[{\"@type\":\"ReadAction\",\"target\":[\"https:\/\/polanco420.com\/?page_id=125\"]}]},{\"@type\":\"BreadcrumbList\",\"@id\":\"https:\/\/polanco420.com\/?page_id=125#breadcrumb\",\"itemListElement\":[{\"@type\":\"ListItem\",\"position\":1,\"name\":\"Portada\",\"item\":\"https:\/\/polanco420.com\/\"},{\"@type\":\"ListItem\",\"position\":2,\"name\":\"metatags4\"}]},{\"@type\":\"WebSite\",\"@id\":\"https:\/\/polanco420.com\/#website\",\"url\":\"https:\/\/polanco420.com\/\",\"name\":\"Polanco420.com - Comprar Marihuana 420 Polanco CDMX - Envios a todo Mexico - Whatsapp: 00528135669557 \u2013 Eva Whatsapp Secundario : 00528132769756 Mike -\",\"description\":\"Polanco420.com \u2013 8132769756 whatsapp Venta de marihuana en mano y por correo en Polanco CDMX y Toluca\",\"publisher\":{\"@id\":\"https:\/\/polanco420.com\/#organization\"},\"potentialAction\":[{\"@type\":\"SearchAction\",\"target\":{\"@type\":\"EntryPoint\",\"urlTemplate\":\"https:\/\/polanco420.com\/?s={search_term_string}\"},\"query-input\":{\"@type\":\"PropertyValueSpecification\",\"valueRequired\":true,\"valueName\":\"search_term_string\"}}],\"inLanguage\":\"es\"},{\"@type\":\"Organization\",\"@id\":\"https:\/\/polanco420.com\/#organization\",\"name\":\"Polanco420.com - Comprar Marihuana 420 Polanco CDMX - Envios a todo Mexico - Whatsapp: 00528135669557 \u2013 Eva Whatsapp Secundario : 00528132769756 Mike -\",\"url\":\"https:\/\/polanco420.com\/\",\"logo\":{\"@type\":\"ImageObject\",\"inLanguage\":\"es\",\"@id\":\"https:\/\/polanco420.com\/#\/schema\/logo\/image\/\",\"url\":\"https:\/\/polanco420.com\/wp-content\/uploads\/2023\/01\/northwestpinneaple.jpeg\",\"contentUrl\":\"https:\/\/polanco420.com\/wp-content\/uploads\/2023\/01\/northwestpinneaple.jpeg\",\"width\":300,\"height\":300,\"caption\":\"Polanco420.com - Comprar Marihuana 420 Polanco CDMX - Envios a todo Mexico - Whatsapp: 00528135669557 \u2013 Eva Whatsapp Secundario : 00528132769756 Mike -\"},\"image\":{\"@id\":\"https:\/\/polanco420.com\/#\/schema\/logo\/image\/\"}}]}<\/script>\n<!-- \/ Yoast SEO plugin. -->","yoast_head_json":{"title":"metatags4 - Polanco420.com - Comprar Marihuana 420 Polanco CDMX - Envios a todo Mexico - Whatsapp: 00528135669557 \u2013 Eva Whatsapp Secundario : 00528132769756 Mike -","robots":{"index":"index","follow":"follow","max-snippet":"max-snippet:-1","max-image-preview":"max-image-preview:large","max-video-preview":"max-video-preview:-1"},"canonical":"https:\/\/polanco420.com\/?page_id=125","og_locale":"es_ES","og_type":"article","og_title":"metatags4 - Polanco420.com - Comprar Marihuana 420 Polanco CDMX - Envios a todo Mexico - Whatsapp: 00528135669557 \u2013 Eva Whatsapp Secundario : 00528132769756 Mike -","og_description":"Ciudad de M\u00e9xico, CDMX, turismo en Ciudad de M\u00e9xico, restaurantes en Ciudad de M\u00e9xico, hoteles en Ciudad de M\u00e9xico, eventos en Ciudad de M\u00e9xico, atracciones en Ciudad de M\u00e9xico, vida nocturna Ciudad de M\u00e9xico, actividades en Ciudad de M\u00e9xico, cultura en Ciudad de M\u00e9xico, arte en Ciudad de M\u00e9xico, shopping en Ciudad de M\u00e9xico, boutiques [&hellip;]","og_url":"https:\/\/polanco420.com\/?page_id=125","og_site_name":"Polanco420.com - Comprar Marihuana 420 Polanco CDMX - Envios a todo Mexico - Whatsapp: 00528135669557 \u2013 Eva Whatsapp Secundario : 00528132769756 Mike -","twitter_card":"summary_large_image","schema":{"@context":"https:\/\/schema.org","@graph":[{"@type":"WebPage","@id":"https:\/\/polanco420.com\/?page_id=125","url":"https:\/\/polanco420.com\/?page_id=125","name":"metatags4 - Polanco420.com - Comprar Marihuana 420 Polanco CDMX - Envios a todo Mexico - Whatsapp: 00528135669557 \u2013 Eva Whatsapp Secundario : 00528132769756 Mike -","isPartOf":{"@id":"https:\/\/polanco420.com\/#website"},"datePublished":"2024-08-08T23:27:45+00:00","breadcrumb":{"@id":"https:\/\/polanco420.com\/?page_id=125#breadcrumb"},"inLanguage":"es","potentialAction":[{"@type":"ReadAction","target":["https:\/\/polanco420.com\/?page_id=125"]}]},{"@type":"BreadcrumbList","@id":"https:\/\/polanco420.com\/?page_id=125#breadcrumb","itemListElement":[{"@type":"ListItem","position":1,"name":"Portada","item":"https:\/\/polanco420.com\/"},{"@type":"ListItem","position":2,"name":"metatags4"}]},{"@type":"WebSite","@id":"https:\/\/polanco420.com\/#website","url":"https:\/\/polanco420.com\/","name":"Polanco420.com - Comprar Marihuana 420 Polanco CDMX - Envios a todo Mexico - Whatsapp: 00528135669557 \u2013 Eva Whatsapp Secundario : 00528132769756 Mike -","description":"Polanco420.com \u2013 8132769756 whatsapp Venta de marihuana en mano y por correo en Polanco CDMX y Toluca","publisher":{"@id":"https:\/\/polanco420.com\/#organization"},"potentialAction":[{"@type":"SearchAction","target":{"@type":"EntryPoint","urlTemplate":"https:\/\/polanco420.com\/?s={search_term_string}"},"query-input":{"@type":"PropertyValueSpecification","valueRequired":true,"valueName":"search_term_string"}}],"inLanguage":"es"},{"@type":"Organization","@id":"https:\/\/polanco420.com\/#organization","name":"Polanco420.com - Comprar Marihuana 420 Polanco CDMX - Envios a todo Mexico - Whatsapp: 00528135669557 \u2013 Eva Whatsapp Secundario : 00528132769756 Mike -","url":"https:\/\/polanco420.com\/","logo":{"@type":"ImageObject","inLanguage":"es","@id":"https:\/\/polanco420.com\/#\/schema\/logo\/image\/","url":"https:\/\/polanco420.com\/wp-content\/uploads\/2023\/01\/northwestpinneaple.jpeg","contentUrl":"https:\/\/polanco420.com\/wp-content\/uploads\/2023\/01\/northwestpinneaple.jpeg","width":300,"height":300,"caption":"Polanco420.com - Comprar Marihuana 420 Polanco CDMX - Envios a todo Mexico - Whatsapp: 00528135669557 \u2013 Eva Whatsapp Secundario : 00528132769756 Mike -"},"image":{"@id":"https:\/\/polanco420.com\/#\/schema\/logo\/image\/"}}]}},"_links":{"self":[{"href":"https:\/\/polanco420.com\/index.php?rest_route=\/wp\/v2\/pages\/125","targetHints":{"allow":["GET"]}}],"collection":[{"href":"https:\/\/polanco420.com\/index.php?rest_route=\/wp\/v2\/pages"}],"about":[{"href":"https:\/\/polanco420.com\/index.php?rest_route=\/wp\/v2\/types\/page"}],"author":[{"embeddable":true,"href":"https:\/\/polanco420.com\/index.php?rest_route=\/wp\/v2\/users\/1"}],"replies":[{"embeddable":true,"href":"https:\/\/polanco420.com\/index.php?rest_route=%2Fwp%2Fv2%2Fcomments&post=125"}],"version-history":[{"count":1,"href":"https:\/\/polanco420.com\/index.php?rest_route=\/wp\/v2\/pages\/125\/revisions"}],"predecessor-version":[{"id":126,"href":"https:\/\/polanco420.com\/index.php?rest_route=\/wp\/v2\/pages\/125\/revisions\/126"}],"wp:attachment":[{"href":"https:\/\/polanco420.com\/index.php?rest_route=%2Fwp%2Fv2%2Fmedia&parent=125"}],"curies":[{"name":"wp","href":"https:\/\/api.w.org\/{rel}","templated":true}]}}