{"id":123,"date":"2024-08-08T23:26:46","date_gmt":"2024-08-08T23:26:46","guid":{"rendered":"https:\/\/polanco420.com\/?page_id=123"},"modified":"2024-08-08T23:26:46","modified_gmt":"2024-08-08T23:26:46","slug":"metatags3","status":"publish","type":"page","link":"https:\/\/polanco420.com\/?page_id=123","title":{"rendered":"metatags3"},"content":{"rendered":"<div class=\"flex-1 overflow-hidden\">\n<div class=\"h-full\">\n<div class=\"react-scroll-to-bottom--css-iqegw-79elbk h-full\">\n<div class=\"react-scroll-to-bottom--css-iqegw-1n7m0yu\">\n<div class=\"flex flex-col text-sm md:pb-9\">\n<div class=\"w-full text-token-text-primary\" dir=\"auto\" data-testid=\"conversation-turn-29\" data-scroll-anchor=\"true\">\n<div class=\"text-base py-[18px] px-3 md:px-4 m-auto md:px-5 lg:px-1 xl:px-5\">\n<div class=\"mx-auto flex flex-1 gap-4 text-base md:gap-5 lg:gap-6 md:max-w-3xl\">\n<div class=\"group\/conversation-turn relative flex w-full min-w-0 flex-col agent-turn\">\n<div class=\"flex-col gap-1 md:gap-3\">\n<div class=\"flex max-w-full flex-col flex-grow\">\n<div class=\"min-h-[20px] text-message flex w-full flex-col items-end gap-2 whitespace-pre-wrap break-words [.text-message+&amp;]:mt-5 overflow-x-auto\" dir=\"auto\" data-message-author-role=\"assistant\" data-message-id=\"83e63c08-c0f1-4d8c-8d86-d8ce7385397e\">\n<div class=\"flex w-full flex-col gap-1 empty:hidden first:pt-[3px]\">\n<div class=\"result-streaming markdown prose w-full break-words dark:prose-invert light\">\n<div class=\"dark bg-gray-950 rounded-md border-[0.5px] border-token-border-medium\">\n<div class=\"overflow-y-auto p-4\" dir=\"ltr\"><code class=\"!whitespace-pre hljs language-css\">Cannabis, marihuana, dispensario de cannabis, tiendas de cannabis, venta de marihuana, aceite de cannabis, cogollos de cannabis, concentrados de cannabis, edibles de cannabis, vaporizadores de cannabis, cannabis medicinal, cannabis recreativo, productos de cannabis, productos de marihuana, compras de cannabis, entrega de cannabis, cannabis en la Ciudad de M\u00e9xico, marihuana en la Ciudad de M\u00e9xico, dispensarios en la Ciudad de M\u00e9xico, tiendas de marihuana en la Ciudad de M\u00e9xico, aceite de marihuana, cogollos de marihuana, concentrados de marihuana, edibles de marihuana, vaporizadores de marihuana, marihuana medicinal, marihuana recreativa, productos cann\u00e1bicos, cultura cann\u00e1bica, eventos de cannabis, cannabis legal en la Ciudad de M\u00e9xico, marihuana legal en la Ciudad de M\u00e9xico, mejores dispensarios en la Ciudad de M\u00e9xico, tiendas de edibles en la Ciudad de M\u00e9xico, aceite de cannabis medicinal, cannabis para dolor, cannabis para ansiedad, cannabis para insomnio, cannabis para estr\u00e9s, tiendas de cannabis cerca de m\u00ed, dispensario de marihuana cerca de m\u00ed, venta de marihuana online, cannabis de calidad, cannabis premium, marihuana premium, productos cann\u00e1bicos recomendados, cultura de la marihuana en la Ciudad de M\u00e9xico, consumo responsable de cannabis, tiendas de accesorios de cannabis, servicios de cannabis en la Ciudad de M\u00e9xico, productos cann\u00e1bicos m\u00e1s demandados, cannabis para relajaci\u00f3n, cannabis para bienestar, marihuana para bienestar, cannabis terap\u00e9utico, marihuana terap\u00e9utica, dispensarios de marihuana recomendados, aceite de cannabis para salud, vaporizadores de marihuana en la Ciudad de M\u00e9xico, concentrados de cannabis en la Ciudad de M\u00e9xico, edibles de cannabis en la Ciudad de M\u00e9xico, productos de marihuana recomendados, cannabis en el centro de la Ciudad de M\u00e9xico, marihuana en el centro de la Ciudad de M\u00e9xico, tiendas de cannabis en el centro, dispensarios de cannabis en el centro, cannabis en Polanco, marihuana en Polanco, dispensarios en Polanco, tiendas de cannabis en Polanco, aceite de cannabis en Polanco, cogollos de cannabis en Polanco, concentrados de cannabis en Polanco, edibles de cannabis en Polanco, vaporizadores de cannabis en Polanco, cannabis medicinal en Polanco, cannabis recreativo en Polanco, productos de cannabis en Polanco, venta de cannabis en Polanco, tiendas de marihuana en Polanco, dispensario de marihuana en Polanco, aceite de marihuana en Polanco, cogollos de marihuana en Polanco, concentrados de marihuana en Polanco, edibles de marihuana en Polanco, vaporizadores de marihuana en Polanco, marihuana medicinal en Polanco, marihuana recreativa en Polanco, productos cann\u00e1bicos en Polanco, entrega de cannabis en Polanco, eventos de cannabis en Polanco, cannabis legal en Polanco, marihuana legal en Polanco, mejores dispensarios en Polanco, tiendas de edibles en Polanco, aceite de cannabis medicinal en Polanco, cannabis para dolor en Polanco, cannabis para ansiedad en Polanco, cannabis para insomnio en Polanco, cannabis para estr\u00e9s en Polanco, tiendas de cannabis cerca de Polanco, dispensario de marihuana cerca de Polanco, venta de marihuana online en Polanco, cannabis de calidad en Polanco, cannabis premium en Polanco, marihuana premium en Polanco, productos cann\u00e1bicos recomendados en Polanco, cultura de la marihuana en Polanco, consumo responsable de cannabis en Polanco, tiendas de accesorios de cannabis en Polanco, servicios de cannabis en Polanco, productos cann\u00e1bicos m\u00e1s demandados en Polanco, cannabis para relajaci\u00f3n en Polanco, cannabis para bienestar en Polanco, marihuana para bienestar en Polanco, cannabis terap\u00e9utico en Polanco, marihuana terap\u00e9utica en Polanco, dispensarios de marihuana recomendados en Polanco, aceite de cannabis para salud en Polanco, vaporizadores de marihuana en Polanco, concentrados de cannabis en Polanco, edibles de cannabis en Polanco, productos de marihuana recomendados en Polanco, cannabis en zonas cercanas <span class=\"hljs-selector-tag\">a<\/span> Polanco, marihuana en zonas cercanas <span class=\"hljs-selector-tag\">a<\/span> Polanco, tiendas de cannabis en zonas cercanas <span class=\"hljs-selector-tag\">a<\/span> Polanco, dispensarios de cannabis en zonas cercanas <span class=\"hljs-selector-tag\">a<\/span> Polanco, aceite de cannabis en zonas cercanas <span class=\"hljs-selector-tag\">a<\/span> Polanco, cogollos de cannabis en zonas cercanas <span class=\"hljs-selector-tag\">a<\/span> Polanco, concentrados de cannabis en zonas cercanas <span class=\"hljs-selector-tag\">a<\/span> Polanco, edibles de cannabis en zonas cercanas <span class=\"hljs-selector-tag\">a<\/span> Polanco, vaporizadores de cannabis en zonas cercanas <span class=\"hljs-selector-tag\">a<\/span> Polanco, cannabis medicinal en zonas cercanas <span class=\"hljs-selector-tag\">a<\/span> Polanco, cannabis recreativo en zonas cercanas <span class=\"hljs-selector-tag\">a<\/span> Polanco, productos de cannabis en zonas cercanas <span class=\"hljs-selector-tag\">a<\/span> Polanco, venta de cannabis en zonas cercanas <span class=\"hljs-selector-tag\">a<\/span> Polanco, tiendas de marihuana en zonas cercanas <span class=\"hljs-selector-tag\">a<\/span> Polanco, dispensario de marihuana en zonas cercanas <span class=\"hljs-selector-tag\">a<\/span> Polanco, aceite de marihuana en zonas cercanas <span class=\"hljs-selector-tag\">a<\/span> Polanco, cogollos de marihuana en zonas cercanas <span class=\"hljs-selector-tag\">a<\/span> Polanco, concentrados de marihuana en zonas cercanas <span class=\"hljs-selector-tag\">a<\/span> Polanco, edibles de marihuana en zonas cercanas <span class=\"hljs-selector-tag\">a<\/span> Polanco, vaporizadores de marihuana en zonas cercanas <span class=\"hljs-selector-tag\">a<\/span> Polanco, marihuana medicinal en zonas cercanas <span class=\"hljs-selector-tag\">a<\/span> Polanco, marihuana recreativa en zonas cercanas <span class=\"hljs-selector-tag\">a<\/span> Polanco, productos cann\u00e1bicos en zonas cercanas <span class=\"hljs-selector-tag\">a<\/span> Polanco, entrega de cannabis en zonas cercanas <span class=\"hljs-selector-tag\">a<\/span> Polanco, eventos de cannabis en zonas cercanas <span class=\"hljs-selector-tag\">a<\/span> Polanco, cannabis legal en zonas cercanas <span class=\"hljs-selector-tag\">a<\/span> Polanco, marihuana legal en zonas cercanas <span class=\"hljs-selector-tag\">a<\/span> Polanco, mejores dispensarios en zonas cercanas <span class=\"hljs-selector-tag\">a<\/span> Polanco, tiendas de edibles en zonas cercanas <span class=\"hljs-selector-tag\">a<\/span> Polanco, aceite d<br \/>\n<\/code><\/div>\n<\/div>\n<\/div>\n<\/div>\n<\/div>\n<\/div>\n<\/div>\n<div class=\"absolute\">\n<div class=\"flex items-center justify-center\"><\/div>\n<\/div>\n<\/div>\n<\/div>\n<\/div>\n<\/div>\n<\/div>\n<\/div>\n<\/div>\n<\/div>\n<\/div>\n<div class=\"md:pt-0 dark:border-white\/20 md:border-transparent md:dark:border-transparent w-full\">\n<div class=\"text-base px-3 md:px-4 m-auto md:px-5 lg:px-1 xl:px-5\">\n<div class=\"mx-auto flex flex-1 gap-4 text-base md:gap-5 lg:gap-6 md:max-w-3xl\">\n<form class=\"w-full\" aria-haspopup=\"dialog\" aria-expanded=\"false\" aria-controls=\"radix-:r4:\" data-state=\"closed\">\n<div class=\"relative flex h-full max-w-full flex-1 flex-col\">\n<div class=\"absolute bottom-full left-0 right-0 z-20\"><\/div>\n<div class=\"flex w-full items-center\">\n<div class=\"flex w-full flex-col gap-1.5 rounded-[26px] p-1.5 transition-colors bg-[#f4f4f4] dark:bg-token-main-surface-secondary\">\n<div class=\"flex items-end gap-1.5 md:gap-2\">\n<div class=\"flex min-w-0 flex-1 flex-col pl-4\"><\/div>\n<\/div>\n<\/div>\n<\/div>\n<\/div>\n<\/form>\n<\/div>\n<\/div>\n<\/div>\n","protected":false},"excerpt":{"rendered":"<p>Cannabis, marihuana, dispensario de cannabis, tiendas de cannabis, venta de marihuana, aceite de cannabis, cogollos de cannabis, concentrados de cannabis, edibles de cannabis, vaporizadores de cannabis, cannabis medicinal, cannabis recreativo, productos de cannabis, productos de marihuana, compras de cannabis, entrega de cannabis, cannabis en la Ciudad de M\u00e9xico, marihuana en la Ciudad de M\u00e9xico, dispensarios [&hellip;]<\/p>\n","protected":false},"author":1,"featured_media":0,"parent":0,"menu_order":0,"comment_status":"closed","ping_status":"closed","template":"","meta":{"footnotes":""},"class_list":["post-123","page","type-page","status-publish","hentry"],"yoast_head":"<!-- This site is optimized with the Yoast SEO plugin v25.2 - https:\/\/yoast.com\/wordpress\/plugins\/seo\/ -->\n<title>metatags3 - Polanco420.com - Comprar Marihuana 420 Polanco CDMX - Envios a todo Mexico - Whatsapp: 00528135669557 \u2013 Eva Whatsapp Secundario : 00528132769756 Mike -<\/title>\n<meta name=\"robots\" content=\"index, follow, max-snippet:-1, max-image-preview:large, max-video-preview:-1\" \/>\n<link rel=\"canonical\" href=\"https:\/\/polanco420.com\/?page_id=123\" \/>\n<meta property=\"og:locale\" content=\"es_ES\" \/>\n<meta property=\"og:type\" content=\"article\" \/>\n<meta property=\"og:title\" content=\"metatags3 - Polanco420.com - Comprar Marihuana 420 Polanco CDMX - Envios a todo Mexico - Whatsapp: 00528135669557 \u2013 Eva Whatsapp Secundario : 00528132769756 Mike -\" \/>\n<meta property=\"og:description\" content=\"Cannabis, marihuana, dispensario de cannabis, tiendas de cannabis, venta de marihuana, aceite de cannabis, cogollos de cannabis, concentrados de cannabis, edibles de cannabis, vaporizadores de cannabis, cannabis medicinal, cannabis recreativo, productos de cannabis, productos de marihuana, compras de cannabis, entrega de cannabis, cannabis en la Ciudad de M\u00e9xico, marihuana en la Ciudad de M\u00e9xico, dispensarios [&hellip;]\" \/>\n<meta property=\"og:url\" content=\"https:\/\/polanco420.com\/?page_id=123\" \/>\n<meta property=\"og:site_name\" content=\"Polanco420.com - Comprar Marihuana 420 Polanco CDMX - Envios a todo Mexico - Whatsapp: 00528135669557 \u2013 Eva Whatsapp Secundario : 00528132769756 Mike -\" \/>\n<meta name=\"twitter:card\" content=\"summary_large_image\" \/>\n<script type=\"application\/ld+json\" class=\"yoast-schema-graph\">{\"@context\":\"https:\/\/schema.org\",\"@graph\":[{\"@type\":\"WebPage\",\"@id\":\"https:\/\/polanco420.com\/?page_id=123\",\"url\":\"https:\/\/polanco420.com\/?page_id=123\",\"name\":\"metatags3 - Polanco420.com - Comprar Marihuana 420 Polanco CDMX - Envios a todo Mexico - Whatsapp: 00528135669557 \u2013 Eva Whatsapp Secundario : 00528132769756 Mike -\",\"isPartOf\":{\"@id\":\"https:\/\/polanco420.com\/#website\"},\"datePublished\":\"2024-08-08T23:26:46+00:00\",\"breadcrumb\":{\"@id\":\"https:\/\/polanco420.com\/?page_id=123#breadcrumb\"},\"inLanguage\":\"es\",\"potentialAction\":[{\"@type\":\"ReadAction\",\"target\":[\"https:\/\/polanco420.com\/?page_id=123\"]}]},{\"@type\":\"BreadcrumbList\",\"@id\":\"https:\/\/polanco420.com\/?page_id=123#breadcrumb\",\"itemListElement\":[{\"@type\":\"ListItem\",\"position\":1,\"name\":\"Portada\",\"item\":\"https:\/\/polanco420.com\/\"},{\"@type\":\"ListItem\",\"position\":2,\"name\":\"metatags3\"}]},{\"@type\":\"WebSite\",\"@id\":\"https:\/\/polanco420.com\/#website\",\"url\":\"https:\/\/polanco420.com\/\",\"name\":\"Polanco420.com - Comprar Marihuana 420 Polanco CDMX - Envios a todo Mexico - Whatsapp: 00528135669557 \u2013 Eva Whatsapp Secundario : 00528132769756 Mike -\",\"description\":\"Polanco420.com \u2013 8132769756 whatsapp Venta de marihuana en mano y por correo en Polanco CDMX y Toluca\",\"publisher\":{\"@id\":\"https:\/\/polanco420.com\/#organization\"},\"potentialAction\":[{\"@type\":\"SearchAction\",\"target\":{\"@type\":\"EntryPoint\",\"urlTemplate\":\"https:\/\/polanco420.com\/?s={search_term_string}\"},\"query-input\":{\"@type\":\"PropertyValueSpecification\",\"valueRequired\":true,\"valueName\":\"search_term_string\"}}],\"inLanguage\":\"es\"},{\"@type\":\"Organization\",\"@id\":\"https:\/\/polanco420.com\/#organization\",\"name\":\"Polanco420.com - Comprar Marihuana 420 Polanco CDMX - Envios a todo Mexico - Whatsapp: 00528135669557 \u2013 Eva Whatsapp Secundario : 00528132769756 Mike -\",\"url\":\"https:\/\/polanco420.com\/\",\"logo\":{\"@type\":\"ImageObject\",\"inLanguage\":\"es\",\"@id\":\"https:\/\/polanco420.com\/#\/schema\/logo\/image\/\",\"url\":\"https:\/\/polanco420.com\/wp-content\/uploads\/2023\/01\/northwestpinneaple.jpeg\",\"contentUrl\":\"https:\/\/polanco420.com\/wp-content\/uploads\/2023\/01\/northwestpinneaple.jpeg\",\"width\":300,\"height\":300,\"caption\":\"Polanco420.com - Comprar Marihuana 420 Polanco CDMX - Envios a todo Mexico - Whatsapp: 00528135669557 \u2013 Eva Whatsapp Secundario : 00528132769756 Mike -\"},\"image\":{\"@id\":\"https:\/\/polanco420.com\/#\/schema\/logo\/image\/\"}}]}<\/script>\n<!-- \/ Yoast SEO plugin. -->","yoast_head_json":{"title":"metatags3 - Polanco420.com - Comprar Marihuana 420 Polanco CDMX - Envios a todo Mexico - Whatsapp: 00528135669557 \u2013 Eva Whatsapp Secundario : 00528132769756 Mike -","robots":{"index":"index","follow":"follow","max-snippet":"max-snippet:-1","max-image-preview":"max-image-preview:large","max-video-preview":"max-video-preview:-1"},"canonical":"https:\/\/polanco420.com\/?page_id=123","og_locale":"es_ES","og_type":"article","og_title":"metatags3 - Polanco420.com - Comprar Marihuana 420 Polanco CDMX - Envios a todo Mexico - Whatsapp: 00528135669557 \u2013 Eva Whatsapp Secundario : 00528132769756 Mike -","og_description":"Cannabis, marihuana, dispensario de cannabis, tiendas de cannabis, venta de marihuana, aceite de cannabis, cogollos de cannabis, concentrados de cannabis, edibles de cannabis, vaporizadores de cannabis, cannabis medicinal, cannabis recreativo, productos de cannabis, productos de marihuana, compras de cannabis, entrega de cannabis, cannabis en la Ciudad de M\u00e9xico, marihuana en la Ciudad de M\u00e9xico, dispensarios [&hellip;]","og_url":"https:\/\/polanco420.com\/?page_id=123","og_site_name":"Polanco420.com - Comprar Marihuana 420 Polanco CDMX - Envios a todo Mexico - Whatsapp: 00528135669557 \u2013 Eva Whatsapp Secundario : 00528132769756 Mike -","twitter_card":"summary_large_image","schema":{"@context":"https:\/\/schema.org","@graph":[{"@type":"WebPage","@id":"https:\/\/polanco420.com\/?page_id=123","url":"https:\/\/polanco420.com\/?page_id=123","name":"metatags3 - Polanco420.com - Comprar Marihuana 420 Polanco CDMX - Envios a todo Mexico - Whatsapp: 00528135669557 \u2013 Eva Whatsapp Secundario : 00528132769756 Mike -","isPartOf":{"@id":"https:\/\/polanco420.com\/#website"},"datePublished":"2024-08-08T23:26:46+00:00","breadcrumb":{"@id":"https:\/\/polanco420.com\/?page_id=123#breadcrumb"},"inLanguage":"es","potentialAction":[{"@type":"ReadAction","target":["https:\/\/polanco420.com\/?page_id=123"]}]},{"@type":"BreadcrumbList","@id":"https:\/\/polanco420.com\/?page_id=123#breadcrumb","itemListElement":[{"@type":"ListItem","position":1,"name":"Portada","item":"https:\/\/polanco420.com\/"},{"@type":"ListItem","position":2,"name":"metatags3"}]},{"@type":"WebSite","@id":"https:\/\/polanco420.com\/#website","url":"https:\/\/polanco420.com\/","name":"Polanco420.com - Comprar Marihuana 420 Polanco CDMX - Envios a todo Mexico - Whatsapp: 00528135669557 \u2013 Eva Whatsapp Secundario : 00528132769756 Mike -","description":"Polanco420.com \u2013 8132769756 whatsapp Venta de marihuana en mano y por correo en Polanco CDMX y Toluca","publisher":{"@id":"https:\/\/polanco420.com\/#organization"},"potentialAction":[{"@type":"SearchAction","target":{"@type":"EntryPoint","urlTemplate":"https:\/\/polanco420.com\/?s={search_term_string}"},"query-input":{"@type":"PropertyValueSpecification","valueRequired":true,"valueName":"search_term_string"}}],"inLanguage":"es"},{"@type":"Organization","@id":"https:\/\/polanco420.com\/#organization","name":"Polanco420.com - Comprar Marihuana 420 Polanco CDMX - Envios a todo Mexico - Whatsapp: 00528135669557 \u2013 Eva Whatsapp Secundario : 00528132769756 Mike -","url":"https:\/\/polanco420.com\/","logo":{"@type":"ImageObject","inLanguage":"es","@id":"https:\/\/polanco420.com\/#\/schema\/logo\/image\/","url":"https:\/\/polanco420.com\/wp-content\/uploads\/2023\/01\/northwestpinneaple.jpeg","contentUrl":"https:\/\/polanco420.com\/wp-content\/uploads\/2023\/01\/northwestpinneaple.jpeg","width":300,"height":300,"caption":"Polanco420.com - Comprar Marihuana 420 Polanco CDMX - Envios a todo Mexico - Whatsapp: 00528135669557 \u2013 Eva Whatsapp Secundario : 00528132769756 Mike -"},"image":{"@id":"https:\/\/polanco420.com\/#\/schema\/logo\/image\/"}}]}},"_links":{"self":[{"href":"https:\/\/polanco420.com\/index.php?rest_route=\/wp\/v2\/pages\/123","targetHints":{"allow":["GET"]}}],"collection":[{"href":"https:\/\/polanco420.com\/index.php?rest_route=\/wp\/v2\/pages"}],"about":[{"href":"https:\/\/polanco420.com\/index.php?rest_route=\/wp\/v2\/types\/page"}],"author":[{"embeddable":true,"href":"https:\/\/polanco420.com\/index.php?rest_route=\/wp\/v2\/users\/1"}],"replies":[{"embeddable":true,"href":"https:\/\/polanco420.com\/index.php?rest_route=%2Fwp%2Fv2%2Fcomments&post=123"}],"version-history":[{"count":1,"href":"https:\/\/polanco420.com\/index.php?rest_route=\/wp\/v2\/pages\/123\/revisions"}],"predecessor-version":[{"id":124,"href":"https:\/\/polanco420.com\/index.php?rest_route=\/wp\/v2\/pages\/123\/revisions\/124"}],"wp:attachment":[{"href":"https:\/\/polanco420.com\/index.php?rest_route=%2Fwp%2Fv2%2Fmedia&parent=123"}],"curies":[{"name":"wp","href":"https:\/\/api.w.org\/{rel}","templated":true}]}}