{"id":119,"date":"2024-08-08T23:24:17","date_gmt":"2024-08-08T23:24:17","guid":{"rendered":"https:\/\/polanco420.com\/?page_id=119"},"modified":"2024-08-08T23:24:17","modified_gmt":"2024-08-08T23:24:17","slug":"metatags1","status":"publish","type":"page","link":"https:\/\/polanco420.com\/?page_id=119","title":{"rendered":"metatags1"},"content":{"rendered":"<div class=\"flex-1 overflow-hidden\">\n<div class=\"h-full\">\n<div class=\"react-scroll-to-bottom--css-iqegw-79elbk h-full\">\n<div class=\"react-scroll-to-bottom--css-iqegw-1n7m0yu\">\n<div class=\"flex flex-col text-sm md:pb-9\">\n<div class=\"w-full text-token-text-primary\" dir=\"auto\" data-testid=\"conversation-turn-25\" data-scroll-anchor=\"true\">\n<div class=\"text-base py-[18px] px-3 md:px-4 m-auto md:px-5 lg:px-1 xl:px-5\">\n<div class=\"mx-auto flex flex-1 gap-4 text-base md:gap-5 lg:gap-6 md:max-w-3xl\">\n<div class=\"group\/conversation-turn relative flex w-full min-w-0 flex-col agent-turn\">\n<div class=\"flex-col gap-1 md:gap-3\">\n<div class=\"flex max-w-full flex-col flex-grow\">\n<div class=\"min-h-[20px] text-message flex w-full flex-col items-end gap-2 whitespace-pre-wrap break-words [.text-message+&amp;]:mt-5 overflow-x-auto\" dir=\"auto\" data-message-author-role=\"assistant\" data-message-id=\"29c3b66e-f0c2-460a-b679-e50dc78129a5\">\n<div class=\"flex w-full flex-col gap-1 empty:hidden first:pt-[3px]\">\n<div class=\"result-streaming markdown prose w-full break-words dark:prose-invert light\">\n<div class=\"dark bg-gray-950 rounded-md border-[0.5px] border-token-border-medium\">\n<div class=\"overflow-y-auto p-4\" dir=\"ltr\"><code class=\"!whitespace-pre hljs\">Polanco, cannabis Polanco, marijuana Polanco, dispensario Polanco, tienda de cannabis Polanco, productos de cannabis Polanco, aceite de cannabis Polanco, cogollos de cannabis Polanco, vaporizadores de cannabis Polanco, concentrados de cannabis Polanco, cannabis medicinal Polanco, cannabis recreativo Polanco, tiendas de marijuana Polanco, dispensarios de marijuana Polanco, edibles Polanco, productos de marijuana Polanco, cannabis en Polanco, marijuana en Polanco, venta de cannabis Polanco, venta de marijuana Polanco, tiendas de cannabis en Polanco, dispensario de cannabis en Polanco, cannabis legal Polanco, marijuana legal Polanco, mejores dispensarios Polanco, tiendas de edibles Polanco, aceites de marijuana Polanco, accesorios de cannabis Polanco, servicios de cannabis Polanco, cannabis online Polanco, marijuana online Polanco, concentrados de marijuana Polanco, cultura de cannabis Polanco, eventos de cannabis Polanco, productos cann\u00e1bicos Polanco, recomendaciones de cannabis Polanco, productos de cannabis m\u00e1s demandados Polanco, venta de productos de cannabis Polanco, tiendas de vapeo Polanco, productos de cannabis medicinal Polanco, cannabis recreativo en Polanco, mejores productos de cannabis Polanco, cannabis terap\u00e9utico Polanco, cannabis para relajaci\u00f3n Polanco, tiendas de cannabis y marijuana Polanco, productos de cannabis para bienestar Polanco, consumo de cannabis Polanco, cannabis de calidad Polanco, cannabis premium Polanco, marijuana premium Polanco, servicios de venta de cannabis Polanco, productos cann\u00e1bicos en Polanco, cannabis accesible Polanco, marijuana accesible Polanco, venta de aceite de cannabis Polanco, productos m\u00e1s populares de cannabis Polanco, cannabis en la ciudad Polanco, marijuana en la ciudad Polanco, tiendas especializadas en cannabis Polanco, productos de cannabis recomendados Polanco, cannabis para uso recreativo Polanco, cannabis para uso medicinal Polanco, tiendas de concentrados de cannabis Polanco, productos de cannabis en la ciudad Polanco, eventos de marijuana Polanco, cannabis para estr\u00e9s Polanco, cannabis para insomnio Polanco, tiendas de accesorios de cannabis Polanco, cannabis y bienestar Polanco, productos de cannabis para relajaci\u00f3n Polanco, tiendas de cannabis cerca de m\u00ed Polanco, cannabis en barrios Polanco, marijuana en barrios Polanco, productos de cannabis m\u00e1s solicitados Polanco, dispensarios populares Polanco, cannabis en \u00e1reas de Polanco, marijuana en \u00e1reas de Polanco, ventas de cannabis en Polanco, cannabis en barrios populares Polanco, cannabis en zonas de Polanco, productos de cannabis recomendados por usuarios Polanco, cannabis y marijuana en Polanco, cannabis y marijuana en zonas de Polanco, productos cann\u00e1bicos m\u00e1s buscados Polanco, cannabis para bienestar f\u00edsico Polanco, cannabis para bienestar mental Polanco, dispensarios de calidad Polanco, productos cann\u00e1bicos en la regi\u00f3n Polanco, marijuana para terapias Polanco, tiendas de cannabis en diferentes zonas Polanco, cannabis en localidades de Polanco, productos cann\u00e1bicos de alta demanda Polanco, aceite de cannabis y marijuana Polanco, productos m\u00e1s demandados de marijuana Polanco, cannabis para salud mental Polanco, marijuana para salud mental Polanco, servicios de cannabis en Polanco, productos de cannabis en la regi\u00f3n Polanco, cannabis para uso terap\u00e9utico Polanco, productos de cannabis m\u00e1s buscados Polanco, cannabis premium en Polanco, marijuana premium en Polanco, servicios de cannabis recomendados Polanco, productos cann\u00e1bicos en tiendas Polanco, cannabis y marijuana m\u00e1s demandados Polanco, tiendas de cannabis de calidad Polanco, cannabis para recuperaci\u00f3n Polanco, marijuana para recuperaci\u00f3n Polanco, productos de cannabis en Polanco, aceite de cannabis y marijuana en Polanco, dispensarios de cannabis en la ciudad Polanco, cannabis y marijuana en \u00e1reas cercanas Polanco, productos cann\u00e1bicos m\u00e1s buscados en Polanco, cannabis para uso diario Polanco, productos de cannabis populares en Polanco, mari<br \/>\n<\/code><\/div>\n<\/div>\n<\/div>\n<\/div>\n<\/div>\n<\/div>\n<\/div>\n<div class=\"absolute\">\n<div class=\"flex items-center justify-center\"><\/div>\n<\/div>\n<\/div>\n<\/div>\n<\/div>\n<\/div>\n<\/div>\n<\/div>\n<\/div>\n<\/div>\n<\/div>\n<div class=\"md:pt-0 dark:border-white\/20 md:border-transparent md:dark:border-transparent w-full\">\n<div class=\"text-base px-3 md:px-4 m-auto md:px-5 lg:px-1 xl:px-5\">\n<div class=\"mx-auto flex flex-1 gap-4 text-base md:gap-5 lg:gap-6 md:max-w-3xl\">\n<form class=\"w-full\" aria-haspopup=\"dialog\" aria-expanded=\"false\" aria-controls=\"radix-:r4:\" data-state=\"closed\">\n<div class=\"relative flex h-full max-w-full flex-1 flex-col\">\n<div class=\"absolute bottom-full left-0 right-0 z-20\"><\/div>\n<div class=\"flex w-full items-center\">\n<div class=\"flex w-full flex-col gap-1.5 rounded-[26px] p-1.5 transition-colors bg-[#f4f4f4] dark:bg-token-main-surface-secondary\">\n<div class=\"flex items-end gap-1.5 md:gap-2\">\n<div class=\"flex min-w-0 flex-1 flex-col pl-4\"><\/div>\n<\/div>\n<\/div>\n<\/div>\n<\/div>\n<\/form>\n<\/div>\n<\/div>\n<\/div>\n","protected":false},"excerpt":{"rendered":"<p>Polanco, cannabis Polanco, marijuana Polanco, dispensario Polanco, tienda de cannabis Polanco, productos de cannabis Polanco, aceite de cannabis Polanco, cogollos de cannabis Polanco, vaporizadores de cannabis Polanco, concentrados de cannabis Polanco, cannabis medicinal Polanco, cannabis recreativo Polanco, tiendas de marijuana Polanco, dispensarios de marijuana Polanco, edibles Polanco, productos de marijuana Polanco, cannabis en Polanco, marijuana [&hellip;]<\/p>\n","protected":false},"author":1,"featured_media":0,"parent":0,"menu_order":0,"comment_status":"closed","ping_status":"closed","template":"","meta":{"footnotes":""},"class_list":["post-119","page","type-page","status-publish","hentry"],"yoast_head":"<!-- This site is optimized with the Yoast SEO plugin v25.2 - https:\/\/yoast.com\/wordpress\/plugins\/seo\/ -->\n<title>metatags1 - Polanco420.com - Comprar Marihuana 420 Polanco CDMX - Envios a todo Mexico - Whatsapp: 00528135669557 \u2013 Eva Whatsapp Secundario : 00528132769756 Mike -<\/title>\n<meta name=\"robots\" content=\"index, follow, max-snippet:-1, max-image-preview:large, max-video-preview:-1\" \/>\n<link rel=\"canonical\" href=\"https:\/\/polanco420.com\/?page_id=119\" \/>\n<meta property=\"og:locale\" content=\"es_ES\" \/>\n<meta property=\"og:type\" content=\"article\" \/>\n<meta property=\"og:title\" content=\"metatags1 - Polanco420.com - Comprar Marihuana 420 Polanco CDMX - Envios a todo Mexico - Whatsapp: 00528135669557 \u2013 Eva Whatsapp Secundario : 00528132769756 Mike -\" \/>\n<meta property=\"og:description\" content=\"Polanco, cannabis Polanco, marijuana Polanco, dispensario Polanco, tienda de cannabis Polanco, productos de cannabis Polanco, aceite de cannabis Polanco, cogollos de cannabis Polanco, vaporizadores de cannabis Polanco, concentrados de cannabis Polanco, cannabis medicinal Polanco, cannabis recreativo Polanco, tiendas de marijuana Polanco, dispensarios de marijuana Polanco, edibles Polanco, productos de marijuana Polanco, cannabis en Polanco, marijuana [&hellip;]\" \/>\n<meta property=\"og:url\" content=\"https:\/\/polanco420.com\/?page_id=119\" \/>\n<meta property=\"og:site_name\" content=\"Polanco420.com - Comprar Marihuana 420 Polanco CDMX - Envios a todo Mexico - Whatsapp: 00528135669557 \u2013 Eva Whatsapp Secundario : 00528132769756 Mike -\" \/>\n<meta name=\"twitter:card\" content=\"summary_large_image\" \/>\n<script type=\"application\/ld+json\" class=\"yoast-schema-graph\">{\"@context\":\"https:\/\/schema.org\",\"@graph\":[{\"@type\":\"WebPage\",\"@id\":\"https:\/\/polanco420.com\/?page_id=119\",\"url\":\"https:\/\/polanco420.com\/?page_id=119\",\"name\":\"metatags1 - Polanco420.com - Comprar Marihuana 420 Polanco CDMX - Envios a todo Mexico - Whatsapp: 00528135669557 \u2013 Eva Whatsapp Secundario : 00528132769756 Mike -\",\"isPartOf\":{\"@id\":\"https:\/\/polanco420.com\/#website\"},\"datePublished\":\"2024-08-08T23:24:17+00:00\",\"breadcrumb\":{\"@id\":\"https:\/\/polanco420.com\/?page_id=119#breadcrumb\"},\"inLanguage\":\"es\",\"potentialAction\":[{\"@type\":\"ReadAction\",\"target\":[\"https:\/\/polanco420.com\/?page_id=119\"]}]},{\"@type\":\"BreadcrumbList\",\"@id\":\"https:\/\/polanco420.com\/?page_id=119#breadcrumb\",\"itemListElement\":[{\"@type\":\"ListItem\",\"position\":1,\"name\":\"Portada\",\"item\":\"https:\/\/polanco420.com\/\"},{\"@type\":\"ListItem\",\"position\":2,\"name\":\"metatags1\"}]},{\"@type\":\"WebSite\",\"@id\":\"https:\/\/polanco420.com\/#website\",\"url\":\"https:\/\/polanco420.com\/\",\"name\":\"Polanco420.com - Comprar Marihuana 420 Polanco CDMX - Envios a todo Mexico - Whatsapp: 00528135669557 \u2013 Eva Whatsapp Secundario : 00528132769756 Mike -\",\"description\":\"Polanco420.com \u2013 8132769756 whatsapp Venta de marihuana en mano y por correo en Polanco CDMX y Toluca\",\"publisher\":{\"@id\":\"https:\/\/polanco420.com\/#organization\"},\"potentialAction\":[{\"@type\":\"SearchAction\",\"target\":{\"@type\":\"EntryPoint\",\"urlTemplate\":\"https:\/\/polanco420.com\/?s={search_term_string}\"},\"query-input\":{\"@type\":\"PropertyValueSpecification\",\"valueRequired\":true,\"valueName\":\"search_term_string\"}}],\"inLanguage\":\"es\"},{\"@type\":\"Organization\",\"@id\":\"https:\/\/polanco420.com\/#organization\",\"name\":\"Polanco420.com - Comprar Marihuana 420 Polanco CDMX - Envios a todo Mexico - Whatsapp: 00528135669557 \u2013 Eva Whatsapp Secundario : 00528132769756 Mike -\",\"url\":\"https:\/\/polanco420.com\/\",\"logo\":{\"@type\":\"ImageObject\",\"inLanguage\":\"es\",\"@id\":\"https:\/\/polanco420.com\/#\/schema\/logo\/image\/\",\"url\":\"https:\/\/polanco420.com\/wp-content\/uploads\/2023\/01\/northwestpinneaple.jpeg\",\"contentUrl\":\"https:\/\/polanco420.com\/wp-content\/uploads\/2023\/01\/northwestpinneaple.jpeg\",\"width\":300,\"height\":300,\"caption\":\"Polanco420.com - Comprar Marihuana 420 Polanco CDMX - Envios a todo Mexico - Whatsapp: 00528135669557 \u2013 Eva Whatsapp Secundario : 00528132769756 Mike -\"},\"image\":{\"@id\":\"https:\/\/polanco420.com\/#\/schema\/logo\/image\/\"}}]}<\/script>\n<!-- \/ Yoast SEO plugin. -->","yoast_head_json":{"title":"metatags1 - Polanco420.com - Comprar Marihuana 420 Polanco CDMX - Envios a todo Mexico - Whatsapp: 00528135669557 \u2013 Eva Whatsapp Secundario : 00528132769756 Mike -","robots":{"index":"index","follow":"follow","max-snippet":"max-snippet:-1","max-image-preview":"max-image-preview:large","max-video-preview":"max-video-preview:-1"},"canonical":"https:\/\/polanco420.com\/?page_id=119","og_locale":"es_ES","og_type":"article","og_title":"metatags1 - Polanco420.com - Comprar Marihuana 420 Polanco CDMX - Envios a todo Mexico - Whatsapp: 00528135669557 \u2013 Eva Whatsapp Secundario : 00528132769756 Mike -","og_description":"Polanco, cannabis Polanco, marijuana Polanco, dispensario Polanco, tienda de cannabis Polanco, productos de cannabis Polanco, aceite de cannabis Polanco, cogollos de cannabis Polanco, vaporizadores de cannabis Polanco, concentrados de cannabis Polanco, cannabis medicinal Polanco, cannabis recreativo Polanco, tiendas de marijuana Polanco, dispensarios de marijuana Polanco, edibles Polanco, productos de marijuana Polanco, cannabis en Polanco, marijuana [&hellip;]","og_url":"https:\/\/polanco420.com\/?page_id=119","og_site_name":"Polanco420.com - Comprar Marihuana 420 Polanco CDMX - Envios a todo Mexico - Whatsapp: 00528135669557 \u2013 Eva Whatsapp Secundario : 00528132769756 Mike -","twitter_card":"summary_large_image","schema":{"@context":"https:\/\/schema.org","@graph":[{"@type":"WebPage","@id":"https:\/\/polanco420.com\/?page_id=119","url":"https:\/\/polanco420.com\/?page_id=119","name":"metatags1 - Polanco420.com - Comprar Marihuana 420 Polanco CDMX - Envios a todo Mexico - Whatsapp: 00528135669557 \u2013 Eva Whatsapp Secundario : 00528132769756 Mike -","isPartOf":{"@id":"https:\/\/polanco420.com\/#website"},"datePublished":"2024-08-08T23:24:17+00:00","breadcrumb":{"@id":"https:\/\/polanco420.com\/?page_id=119#breadcrumb"},"inLanguage":"es","potentialAction":[{"@type":"ReadAction","target":["https:\/\/polanco420.com\/?page_id=119"]}]},{"@type":"BreadcrumbList","@id":"https:\/\/polanco420.com\/?page_id=119#breadcrumb","itemListElement":[{"@type":"ListItem","position":1,"name":"Portada","item":"https:\/\/polanco420.com\/"},{"@type":"ListItem","position":2,"name":"metatags1"}]},{"@type":"WebSite","@id":"https:\/\/polanco420.com\/#website","url":"https:\/\/polanco420.com\/","name":"Polanco420.com - Comprar Marihuana 420 Polanco CDMX - Envios a todo Mexico - Whatsapp: 00528135669557 \u2013 Eva Whatsapp Secundario : 00528132769756 Mike -","description":"Polanco420.com \u2013 8132769756 whatsapp Venta de marihuana en mano y por correo en Polanco CDMX y Toluca","publisher":{"@id":"https:\/\/polanco420.com\/#organization"},"potentialAction":[{"@type":"SearchAction","target":{"@type":"EntryPoint","urlTemplate":"https:\/\/polanco420.com\/?s={search_term_string}"},"query-input":{"@type":"PropertyValueSpecification","valueRequired":true,"valueName":"search_term_string"}}],"inLanguage":"es"},{"@type":"Organization","@id":"https:\/\/polanco420.com\/#organization","name":"Polanco420.com - Comprar Marihuana 420 Polanco CDMX - Envios a todo Mexico - Whatsapp: 00528135669557 \u2013 Eva Whatsapp Secundario : 00528132769756 Mike -","url":"https:\/\/polanco420.com\/","logo":{"@type":"ImageObject","inLanguage":"es","@id":"https:\/\/polanco420.com\/#\/schema\/logo\/image\/","url":"https:\/\/polanco420.com\/wp-content\/uploads\/2023\/01\/northwestpinneaple.jpeg","contentUrl":"https:\/\/polanco420.com\/wp-content\/uploads\/2023\/01\/northwestpinneaple.jpeg","width":300,"height":300,"caption":"Polanco420.com - Comprar Marihuana 420 Polanco CDMX - Envios a todo Mexico - Whatsapp: 00528135669557 \u2013 Eva Whatsapp Secundario : 00528132769756 Mike -"},"image":{"@id":"https:\/\/polanco420.com\/#\/schema\/logo\/image\/"}}]}},"_links":{"self":[{"href":"https:\/\/polanco420.com\/index.php?rest_route=\/wp\/v2\/pages\/119","targetHints":{"allow":["GET"]}}],"collection":[{"href":"https:\/\/polanco420.com\/index.php?rest_route=\/wp\/v2\/pages"}],"about":[{"href":"https:\/\/polanco420.com\/index.php?rest_route=\/wp\/v2\/types\/page"}],"author":[{"embeddable":true,"href":"https:\/\/polanco420.com\/index.php?rest_route=\/wp\/v2\/users\/1"}],"replies":[{"embeddable":true,"href":"https:\/\/polanco420.com\/index.php?rest_route=%2Fwp%2Fv2%2Fcomments&post=119"}],"version-history":[{"count":1,"href":"https:\/\/polanco420.com\/index.php?rest_route=\/wp\/v2\/pages\/119\/revisions"}],"predecessor-version":[{"id":120,"href":"https:\/\/polanco420.com\/index.php?rest_route=\/wp\/v2\/pages\/119\/revisions\/120"}],"wp:attachment":[{"href":"https:\/\/polanco420.com\/index.php?rest_route=%2Fwp%2Fv2%2Fmedia&parent=119"}],"curies":[{"name":"wp","href":"https:\/\/api.w.org\/{rel}","templated":true}]}}